{"id":304,"date":"2016-03-16T19:27:50","date_gmt":"2016-03-16T18:27:50","guid":{"rendered":"http:\/\/www.host-104339.webhosting.magentabusiness.at\/wordpress\/?page_id=304"},"modified":"2021-11-20T15:45:14","modified_gmt":"2021-11-20T14:45:14","slug":"insolvenzrecht-sanierungen","status":"publish","type":"page","link":"https:\/\/www.mahdi.at\/en\/fachgebiete\/insolvenzrecht-sanierungen\/","title":{"rendered":"Areas of practice"},"content":{"rendered":"<h6><\/h6>\n<h6><img loading=\"lazy\" decoding=\"async\" class=\"size-full wp-image-86 alignleft\" src=\"\/wp-content\/uploads\/2016\/03\/Paragraf-schr\u00e4g.jpg\" alt=\"Paragraf schr\u00e4g\" width=\"116\" height=\"127\" \/><\/h6>\n<h6><\/h6>\n<h6>Legal advice and representation in all legal matters.<\/h6>\n<h6><\/h6>\n<h6>Special focus on following\u00a0fields:<\/h6>\n<p>Matrimonial and family law.<br \/>\nAre tensions getting insoluble, properly drawn dividing lines are also lifelines.<\/p>\n<p>Law of succession and probate proceedings.<br \/>\nWhat remains of a man? Residual values can be a tangible consolation.<\/p>\n<p>Enforcement proceedings,\u00a0debt collection..<br \/>\nSelf-help is not allowed.<\/p>\n<p>Insolvency law, financial reorganisation.<br \/>\nThe equal treatment of all creditors is required.<\/p>\n<p>Law of real property\u00a0(including builder&#8217;s law and building contracts law).<br \/>\nBuild no bottomless pit. The legal foundation for a successful building.<\/p>\n<p>Law of tenancy and habitation.<br \/>\n\u2026 exists on paper. Are rights also habitable?<\/p>\n<p>Damages and accident damages law.<br \/>\nA damage knows no winner. However, in the legal aftermatch is much to gain.<\/p>\n<p>Economic and contract law.<br \/>\nConfidence \u2013 but not blind. Life is not controllable, but\u00a0malleable.<\/p>\n<p>Specific consulting packages on various topics and at a price is aviable on your request as a special offer under\u00a0<a href=\"\/en\/check-dein-recht\/\">&#8220;Check Your Right&#8221;.<\/a><\/p>\n<p><img loading=\"lazy\" decoding=\"async\" class=\"alignnone wp-image-246\" src=\"\/wp-content\/uploads\/2016\/03\/OeRAK-Logo-2-300x84.png\" alt=\"Wir sprechen f\u00fcr Ihr Recht. Die \u00f6stereichischen Rechtsanw\u00e4lte.\" width=\"214\" height=\"60\" srcset=\"https:\/\/www.mahdi.at\/wp-content\/uploads\/2016\/03\/OeRAK-Logo-2-300x84.png 300w, https:\/\/www.mahdi.at\/wp-content\/uploads\/2016\/03\/OeRAK-Logo-2.png 359w\" sizes=\"(max-width: 214px) 100vw, 214px\" \/><\/p>\n","protected":false},"excerpt":{"rendered":"<p>Legal advice and representation in all legal matters. Special focus on following\u00a0fields: Matrimonial and family law. Are tensions getting insoluble, properly drawn dividing lines are also lifelines. Law of succession and probate proceedings. What remains of a man? Residual values can be a tangible consolation. Enforcement proceedings,\u00a0debt collection.. Self-help is not allowed. Insolvency law, financial [&hellip;]<\/p>\n","protected":false},"author":1,"featured_media":0,"parent":66,"menu_order":0,"comment_status":"closed","ping_status":"closed","template":"","meta":{"footnotes":""},"translation":{"provider":"WPGlobus","version":"2.12.2","language":"en","enabled_languages":["de","en"],"languages":{"de":{"title":true,"content":true,"excerpt":false},"en":{"title":true,"content":true,"excerpt":false}}},"aioseo_notices":[],"_links":{"self":[{"href":"https:\/\/www.mahdi.at\/en\/wp-json\/wp\/v2\/pages\/304"}],"collection":[{"href":"https:\/\/www.mahdi.at\/en\/wp-json\/wp\/v2\/pages"}],"about":[{"href":"https:\/\/www.mahdi.at\/en\/wp-json\/wp\/v2\/types\/page"}],"author":[{"embeddable":true,"href":"https:\/\/www.mahdi.at\/en\/wp-json\/wp\/v2\/users\/1"}],"replies":[{"embeddable":true,"href":"https:\/\/www.mahdi.at\/en\/wp-json\/wp\/v2\/comments?post=304"}],"version-history":[{"count":36,"href":"https:\/\/www.mahdi.at\/en\/wp-json\/wp\/v2\/pages\/304\/revisions"}],"predecessor-version":[{"id":1183,"href":"https:\/\/www.mahdi.at\/en\/wp-json\/wp\/v2\/pages\/304\/revisions\/1183"}],"up":[{"embeddable":true,"href":"https:\/\/www.mahdi.at\/en\/wp-json\/wp\/v2\/pages\/66"}],"wp:attachment":[{"href":"https:\/\/www.mahdi.at\/en\/wp-json\/wp\/v2\/media?parent=304"}],"curies":[{"name":"wp","href":"https:\/\/api.w.org\/{rel}","templated":true}]}}