{"id":408,"date":"2016-03-18T22:06:40","date_gmt":"2016-03-18T21:06:40","guid":{"rendered":"http:\/\/www.host-104339.webhosting.magentabusiness.at\/wordpress\/?page_id=408"},"modified":"2021-11-20T15:40:56","modified_gmt":"2021-11-20T14:40:56","slug":"rat-tat","status":"publish","type":"page","link":"https:\/\/www.mahdi.at\/en\/rat-tat\/","title":{"rendered":"Advice &#038; Assistance\/contact form"},"content":{"rendered":"<h6><\/h6>\n<h6>Questions are free of charge \u2013 the answers may come with a fee.<\/h6>\n<p>Provided that I can answer your question in a short Email, I will gladly do so \u2013 and free of charge if your question only concerns whether I can assist you with the problem and what fees may be incurred.<\/p>\n<p>If you ask to provide legal advice, I will inform you about the fees for addressing your question in a short answer Email. You can expect a fee between 35 and 70 Euro plus 20% VAT. Please be assured that the fee will not exceed at this stage, because anything that goes beyond such a response, probably needs a personal meeting, but in any case a separate agreement. If you agree with the fee presented to you and waive your right of withdrawal (see below), please send me a short &#8220;ok&#8221; as a reply \u2013 and, of course, provide me with your full name and postal address. You will then receive my advice within the next 48 hours.<\/p>\n\n<div class=\"wpcf7 no-js\" id=\"wpcf7-f847-o1\" lang=\"de-DE\" dir=\"ltr\">\n<div class=\"screen-reader-response\"><p role=\"status\" aria-live=\"polite\" aria-atomic=\"true\"><\/p> <ul><\/ul><\/div>\n<form action=\"\/en\/wp-json\/wp\/v2\/pages\/408#wpcf7-f847-o1\" method=\"post\" class=\"wpcf7-form init\" aria-label=\"Contact form\" novalidate=\"novalidate\" data-status=\"init\">\n<div style=\"display: none;\">\n<input type=\"hidden\" name=\"_wpcf7\" value=\"847\" \/>\n<input type=\"hidden\" name=\"_wpcf7_version\" value=\"5.8.4\" \/>\n<input type=\"hidden\" name=\"_wpcf7_locale\" value=\"de_DE\" \/>\n<input type=\"hidden\" name=\"_wpcf7_unit_tag\" value=\"wpcf7-f847-o1\" \/>\n<input type=\"hidden\" name=\"_wpcf7_container_post\" value=\"0\" \/>\n<input type=\"hidden\" name=\"_wpcf7_posted_data_hash\" value=\"\" \/>\n<input type=\"hidden\" name=\"_wpcf7_recaptcha_response\" value=\"\" \/>\n<\/div>\n<p>Your name*\n<\/p>\n<p><span class=\"wpcf7-form-control-wrap\" data-name=\"your-name\"><input size=\"40\" class=\"wpcf7-form-control wpcf7-text wpcf7-validates-as-required\" aria-required=\"true\" aria-invalid=\"false\" value=\"\" type=\"text\" name=\"your-name\" \/><\/span>\n<\/p>\n<p>Your address\n<\/p>\n<p><span class=\"wpcf7-form-control-wrap\" data-name=\"your-address\"><input size=\"40\" class=\"wpcf7-form-control wpcf7-text\" aria-invalid=\"false\" value=\"\" type=\"text\" name=\"your-address\" \/><\/span>\n<\/p>\n<p>Your Email address*\n<\/p>\n<p><span class=\"wpcf7-form-control-wrap\" data-name=\"your-email\"><input size=\"40\" class=\"wpcf7-form-control wpcf7-email wpcf7-validates-as-required wpcf7-text wpcf7-validates-as-email\" aria-required=\"true\" aria-invalid=\"false\" value=\"\" type=\"email\" name=\"your-email\" \/><\/span>\n<\/p>\n<p>Your phone number\n<\/p>\n<p><span class=\"wpcf7-form-control-wrap\" data-name=\"your-phone\"><input size=\"40\" class=\"wpcf7-form-control wpcf7-text\" aria-invalid=\"false\" value=\"\" type=\"text\" name=\"your-phone\" \/><\/span>\n<\/p>\n<p>Your inquiry*\n<\/p>\n<p><span class=\"wpcf7-form-control-wrap\" data-name=\"your-message\"><textarea cols=\"40\" rows=\"10\" class=\"wpcf7-form-control wpcf7-textarea wpcf7-validates-as-required\" aria-required=\"true\" aria-invalid=\"false\" name=\"your-message\"><\/textarea><\/span>\n<\/p>\n<p><input class=\"wpcf7-form-control wpcf7-submit has-spinner\" type=\"submit\" value=\"Submit\" \/>\n<\/p><div class=\"wpcf7-response-output\" aria-hidden=\"true\"><\/div>\n<\/form>\n<\/div>\n\n<p>* = required field<\/p>\n<p>As consumer you have a period of 14 days to withdraw from the consulting contract, without giving any reason. Should I begin before the period ends, I&#8217;ll do that gladly after you&#8217;ve waived your right of withdrawal. Please note the <a href=\"\/en\/agb\" target=\"_blank\" rel=\"noopener\">terms and conditions<\/a>\u00a0and\u00a0for\u00a0the right of withdrawal especially item 2.<\/p>\n<p><img loading=\"lazy\" decoding=\"async\" class=\"alignnone wp-image-246\" src=\"\/wp-content\/uploads\/2016\/03\/OeRAK-Logo-2-300x84.png\" alt=\"Wir sprechen f\u00fcr Ihr Recht. Die \u00f6stereichischen Rechtsanw\u00e4lte.\" width=\"214\" height=\"60\" srcset=\"https:\/\/www.mahdi.at\/wp-content\/uploads\/2016\/03\/OeRAK-Logo-2-300x84.png 300w, https:\/\/www.mahdi.at\/wp-content\/uploads\/2016\/03\/OeRAK-Logo-2.png 359w\" sizes=\"(max-width: 214px) 100vw, 214px\" \/><\/p>\n","protected":false},"excerpt":{"rendered":"<p>Questions are free of charge \u2013 the answers may come with a fee. Provided that I can answer your question in a short Email, I will gladly do so \u2013 and free of charge if your question only concerns whether I can assist you with the problem and what fees may be incurred. If you [&hellip;]<\/p>\n","protected":false},"author":1,"featured_media":0,"parent":0,"menu_order":0,"comment_status":"closed","ping_status":"closed","template":"","meta":{"footnotes":""},"translation":{"provider":"WPGlobus","version":"2.12.2","language":"en","enabled_languages":["de","en"],"languages":{"de":{"title":true,"content":true,"excerpt":false},"en":{"title":true,"content":true,"excerpt":false}}},"aioseo_notices":[],"_links":{"self":[{"href":"https:\/\/www.mahdi.at\/en\/wp-json\/wp\/v2\/pages\/408"}],"collection":[{"href":"https:\/\/www.mahdi.at\/en\/wp-json\/wp\/v2\/pages"}],"about":[{"href":"https:\/\/www.mahdi.at\/en\/wp-json\/wp\/v2\/types\/page"}],"author":[{"embeddable":true,"href":"https:\/\/www.mahdi.at\/en\/wp-json\/wp\/v2\/users\/1"}],"replies":[{"embeddable":true,"href":"https:\/\/www.mahdi.at\/en\/wp-json\/wp\/v2\/comments?post=408"}],"version-history":[{"count":31,"href":"https:\/\/www.mahdi.at\/en\/wp-json\/wp\/v2\/pages\/408\/revisions"}],"predecessor-version":[{"id":1172,"href":"https:\/\/www.mahdi.at\/en\/wp-json\/wp\/v2\/pages\/408\/revisions\/1172"}],"wp:attachment":[{"href":"https:\/\/www.mahdi.at\/en\/wp-json\/wp\/v2\/media?parent=408"}],"curies":[{"name":"wp","href":"https:\/\/api.w.org\/{rel}","templated":true}]}}