{"id":555,"date":"2016-03-23T22:51:08","date_gmt":"2016-03-23T21:51:08","guid":{"rendered":"http:\/\/www.host-104339.webhosting.magentabusiness.at\/wordpress\/?page_id=555"},"modified":"2021-11-20T15:41:42","modified_gmt":"2021-11-20T14:41:42","slug":"pressebereich","status":"publish","type":"page","link":"https:\/\/www.mahdi.at\/en\/kontakt\/pressebereich\/","title":{"rendered":"Press area"},"content":{"rendered":"<h6><\/h6>\n<h6>Press photo\/Press release<\/h6>\n<figure id=\"attachment_679\" aria-describedby=\"caption-attachment-679\" style=\"width: 206px\" class=\"wp-caption alignleft\"><a href=\"\/wp-content\/uploads\/2016\/03\/Pressefoto-1.jpg\" data-lightbox=\"gal[555]\" target=\"_blank\" rel=\"noopener\"><img loading=\"lazy\" decoding=\"async\" class=\"wp-image-679\" src=\"\/wp-content\/uploads\/2016\/03\/Pressefoto-1-225x300.jpg\" alt=\"Dr. Nader Mahdi, Rechtsanwalt, Bahnhofstra\u00dfe 21, Wattens, Innsbruck-Land, Tirol, \u00d6sterreich\" width=\"206\" height=\"275\" srcset=\"https:\/\/www.mahdi.at\/wp-content\/uploads\/2016\/03\/Pressefoto-1-225x300.jpg 225w, https:\/\/www.mahdi.at\/wp-content\/uploads\/2016\/03\/Pressefoto-1-768x1024.jpg 768w, https:\/\/www.mahdi.at\/wp-content\/uploads\/2016\/03\/Pressefoto-1.jpg 1536w\" sizes=\"(max-width: 206px) 100vw, 206px\" \/><\/a><figcaption id=\"caption-attachment-679\" class=\"wp-caption-text\">Dr. Nader Mahdi, Foto 1<\/figcaption><\/figure>\n<figure id=\"attachment_680\" aria-describedby=\"caption-attachment-680\" style=\"width: 206px\" class=\"wp-caption alignleft\"><a href=\"\/wp-content\/uploads\/2016\/03\/Pressefoto-2.jpg\" data-lightbox=\"gal[555]\" target=\"_blank\" rel=\"noopener\"><img loading=\"lazy\" decoding=\"async\" class=\"wp-image-680\" src=\"\/wp-content\/uploads\/2016\/03\/Pressefoto-2-225x300.jpg\" alt=\"Dr. Nader Mahdi, Rechtsanwalt, Bahnhofstra\u00dfe 21, Wattens, Innsbruck-Land, Tirol, \u00d6sterreich\" width=\"206\" height=\"275\" srcset=\"https:\/\/www.mahdi.at\/wp-content\/uploads\/2016\/03\/Pressefoto-2-225x300.jpg 225w, https:\/\/www.mahdi.at\/wp-content\/uploads\/2016\/03\/Pressefoto-2-768x1024.jpg 768w, https:\/\/www.mahdi.at\/wp-content\/uploads\/2016\/03\/Pressefoto-2.jpg 1536w\" sizes=\"(max-width: 206px) 100vw, 206px\" \/><\/a><figcaption id=\"caption-attachment-680\" class=\"wp-caption-text\">Dr. Nader Mahdi, Foto 2<\/figcaption><\/figure>\n<figure id=\"attachment_683\" aria-describedby=\"caption-attachment-683\" style=\"width: 194px\" class=\"wp-caption alignnone\"><a href=\"\/wp-content\/uploads\/2016\/03\/Pressetext.pdf\" target=\"_blank\" rel=\"attachment wp-att-683 noopener\"><img loading=\"lazy\" decoding=\"async\" class=\"wp-image-683\" src=\"\/wp-content\/uploads\/2016\/03\/Pressetext-212x300.png\" alt=\"Pressetext, Dr. Nader Mahdi, Rechtsanwalt, Bahnhofstra\u00dfe 21, Wattens, Innsbruck-Land, Tirol, \u00d6sterreich\" width=\"194\" height=\"274\" srcset=\"https:\/\/www.mahdi.at\/wp-content\/uploads\/2016\/03\/Pressetext-212x300.png 212w, https:\/\/www.mahdi.at\/wp-content\/uploads\/2016\/03\/Pressetext-768x1087.png 768w, https:\/\/www.mahdi.at\/wp-content\/uploads\/2016\/03\/Pressetext-723x1024.png 723w, https:\/\/www.mahdi.at\/wp-content\/uploads\/2016\/03\/Pressetext.png 1239w\" sizes=\"(max-width: 194px) 100vw, 194px\" \/><\/a><figcaption id=\"caption-attachment-683\" class=\"wp-caption-text\">Pressetext<\/figcaption><\/figure>\n<h6><\/h6>\n<p><img loading=\"lazy\" decoding=\"async\" class=\"alignnone wp-image-246\" src=\"\/wp-content\/uploads\/2016\/03\/OeRAK-Logo-2-300x84.png\" alt=\"Wir sprechen f\u00fcr Ihr Recht. Die \u00f6stereichischen Rechtsanw\u00e4lte.\" width=\"214\" height=\"60\" srcset=\"https:\/\/www.mahdi.at\/wp-content\/uploads\/2016\/03\/OeRAK-Logo-2-300x84.png 300w, https:\/\/www.mahdi.at\/wp-content\/uploads\/2016\/03\/OeRAK-Logo-2.png 359w\" sizes=\"(max-width: 214px) 100vw, 214px\" \/><\/p>\n","protected":false},"excerpt":{"rendered":"<p>Press photo\/Press release<\/p>\n","protected":false},"author":1,"featured_media":0,"parent":72,"menu_order":0,"comment_status":"closed","ping_status":"closed","template":"","meta":{"footnotes":""},"translation":{"provider":"WPGlobus","version":"2.12.2","language":"en","enabled_languages":["de","en"],"languages":{"de":{"title":true,"content":true,"excerpt":false},"en":{"title":true,"content":true,"excerpt":false}}},"aioseo_notices":[],"_links":{"self":[{"href":"https:\/\/www.mahdi.at\/en\/wp-json\/wp\/v2\/pages\/555"}],"collection":[{"href":"https:\/\/www.mahdi.at\/en\/wp-json\/wp\/v2\/pages"}],"about":[{"href":"https:\/\/www.mahdi.at\/en\/wp-json\/wp\/v2\/types\/page"}],"author":[{"embeddable":true,"href":"https:\/\/www.mahdi.at\/en\/wp-json\/wp\/v2\/users\/1"}],"replies":[{"embeddable":true,"href":"https:\/\/www.mahdi.at\/en\/wp-json\/wp\/v2\/comments?post=555"}],"version-history":[{"count":19,"href":"https:\/\/www.mahdi.at\/en\/wp-json\/wp\/v2\/pages\/555\/revisions"}],"predecessor-version":[{"id":1174,"href":"https:\/\/www.mahdi.at\/en\/wp-json\/wp\/v2\/pages\/555\/revisions\/1174"}],"up":[{"embeddable":true,"href":"https:\/\/www.mahdi.at\/en\/wp-json\/wp\/v2\/pages\/72"}],"wp:attachment":[{"href":"https:\/\/www.mahdi.at\/en\/wp-json\/wp\/v2\/media?parent=555"}],"curies":[{"name":"wp","href":"https:\/\/api.w.org\/{rel}","templated":true}]}}