{"id":68,"date":"2016-03-13T10:46:22","date_gmt":"2016-03-13T09:46:22","guid":{"rendered":"http:\/\/www.mahdi.at\/?page_id=68"},"modified":"2023-12-07T16:54:50","modified_gmt":"2023-12-07T15:54:50","slug":"check-dein-recht","status":"publish","type":"page","link":"https:\/\/www.mahdi.at\/en\/check-dein-recht\/","title":{"rendered":"Check Your Right"},"content":{"rendered":"<h6><\/h6>\n<h6><img loading=\"lazy\" decoding=\"async\" class=\"wp-image-128 alignleft\" src=\"\/wp-content\/uploads\/2016\/03\/OeRAK-Check-Dein-Recht-300x300.jpg\" alt=\"OeRAK-Check Dein Recht\" width=\"125\" height=\"125\" srcset=\"https:\/\/www.mahdi.at\/wp-content\/uploads\/2016\/03\/OeRAK-Check-Dein-Recht-300x300.jpg 300w, https:\/\/www.mahdi.at\/wp-content\/uploads\/2016\/03\/OeRAK-Check-Dein-Recht-150x150.jpg 150w, https:\/\/www.mahdi.at\/wp-content\/uploads\/2016\/03\/OeRAK-Check-Dein-Recht.jpg 640w\" sizes=\"(max-width: 125px) 100vw, 125px\" \/><\/h6>\n<h6><\/h6>\n<h6>The Lawyers&#8217; Consultancy Package\u00a0\u2013<\/h6>\n<h6>Consultancy Packages at a fixed price of 180 Euro.<\/h6>\n<p>Preventive legal advice is becoming increasingly important. For this reason, I offer compiled legal advice packages in a variety of subject areas for you and your interested parties as a \u201cCheck Your Right\u201d campaign.<\/p>\n<p>I offer you following consultancy packages\u00a0under this action:<\/p>\n<p>The marriage and partnership\u00a0check.<br \/>\nMarriage and divorce have many legal consequences. Aspects relating to property-law and social legislation are explained at a joint consultation with the lawyer, adapted to the individual needs of each partner.<\/p>\n<p>The inheritance law check.<br \/>\nResponsibility for family members\u2019 futures or for a company makes it necessary to think beyond one\u2019s own death. With the inheritance law check, you\u2019ll be given information on important clauses of inheritance law.<\/p>\n<p>The house and apartment\u00a0check.<br \/>\nInvesting in a property \u2013 whether it be a building shell, renovated property or a freehold residential property \u2013 is a decision for life. The house and apartment check offers you more security.<\/p>\n<p>The tenancy law\u00a0check.<br \/>\nThe tenancy law check provides clarity concerning rights and duties resulting from\u00a0a rental agreement.<\/p>\n<p>The living will\u00a0check.<br \/>\nMaking decisions about one\u2019s own fate is useful. With a living will, medical treatment can be arranged in advance.<\/p>\n<p><img loading=\"lazy\" decoding=\"async\" class=\"alignnone wp-image-246\" src=\"\/wp-content\/uploads\/2016\/03\/OeRAK-Logo-2-300x84.png\" alt=\"Wir sprechen f\u00fcr Ihr Recht. Die \u00f6stereichischen Rechtsanw\u00e4lte.\" width=\"214\" height=\"60\" srcset=\"https:\/\/www.mahdi.at\/wp-content\/uploads\/2016\/03\/OeRAK-Logo-2-300x84.png 300w, https:\/\/www.mahdi.at\/wp-content\/uploads\/2016\/03\/OeRAK-Logo-2.png 359w\" sizes=\"(max-width: 214px) 100vw, 214px\" \/><\/p>\n","protected":false},"excerpt":{"rendered":"<p>The Lawyers&#8217; Consultancy Package\u00a0\u2013 Consultancy Packages at a fixed price of 180 Euro. Preventive legal advice is becoming increasingly important. For this reason, I offer compiled legal advice packages in a variety of subject areas for you and your interested parties as a \u201cCheck Your Right\u201d campaign. I offer you following consultancy packages\u00a0under this action: [&hellip;]<\/p>\n","protected":false},"author":1,"featured_media":0,"parent":0,"menu_order":0,"comment_status":"closed","ping_status":"closed","template":"","meta":{"footnotes":""},"translation":{"provider":"WPGlobus","version":"2.12.2","language":"en","enabled_languages":["de","en"],"languages":{"de":{"title":true,"content":true,"excerpt":false},"en":{"title":true,"content":true,"excerpt":false}}},"aioseo_notices":[],"_links":{"self":[{"href":"https:\/\/www.mahdi.at\/en\/wp-json\/wp\/v2\/pages\/68"}],"collection":[{"href":"https:\/\/www.mahdi.at\/en\/wp-json\/wp\/v2\/pages"}],"about":[{"href":"https:\/\/www.mahdi.at\/en\/wp-json\/wp\/v2\/types\/page"}],"author":[{"embeddable":true,"href":"https:\/\/www.mahdi.at\/en\/wp-json\/wp\/v2\/users\/1"}],"replies":[{"embeddable":true,"href":"https:\/\/www.mahdi.at\/en\/wp-json\/wp\/v2\/comments?post=68"}],"version-history":[{"count":61,"href":"https:\/\/www.mahdi.at\/en\/wp-json\/wp\/v2\/pages\/68\/revisions"}],"predecessor-version":[{"id":1232,"href":"https:\/\/www.mahdi.at\/en\/wp-json\/wp\/v2\/pages\/68\/revisions\/1232"}],"wp:attachment":[{"href":"https:\/\/www.mahdi.at\/en\/wp-json\/wp\/v2\/media?parent=68"}],"curies":[{"name":"wp","href":"https:\/\/api.w.org\/{rel}","templated":true}]}}