{"id":72,"date":"2016-03-13T10:47:14","date_gmt":"2016-03-13T09:47:14","guid":{"rendered":"http:\/\/www.mahdi.at\/?page_id=72"},"modified":"2021-11-20T15:42:08","modified_gmt":"2021-11-20T14:42:08","slug":"kontakt","status":"publish","type":"page","link":"https:\/\/www.mahdi.at\/en\/kontakt\/","title":{"rendered":"Contact\/Imprint"},"content":{"rendered":"<p><img loading=\"lazy\" decoding=\"async\" class=\"wp-image-390 alignleft\" src=\"\/wp-content\/uploads\/2016\/03\/Impressum.jpg\" alt=\"Impressum\" width=\"169\" height=\"161\" \/><\/p>\n<p>Dr. Nader Karl\u00a0MAHDI<br \/>\nBahnhofstra\u00dfe 21, A-6112 Wattens<br \/>\nPhone\u00a0+43 5224 51700, Fax +43 5224 51700-15<br \/>\nEmail\u00a0<a title=\"mailto:office@mahdi.at\" href=\"mailto:office@mahdi.at\">office@mahdi.at<\/a><\/p>\n<h6><\/h6>\n<p>VAT-No ATU43594605<\/p>\n<p class=\"paragraph_style_1\"><span class=\"style_1\">Member of the <a href=\"http:\/\/www.tiroler-rak.at\" target=\"_blank\" rel=\"noopener\">Tyrolese Bar Association<\/a>.<br \/>\n<\/span><span class=\"style_2\">Member of the Association of trust of the <a href=\"http:\/\/www.tiroler-rak.at\/\">Tyrolese Bar Association.<\/a><\/span><\/p>\n<p><span class=\"style_1\">Please find the professional code of conduct of Austrian attorneys\u00a0<\/span><a href=\"http:\/\/www.rechtsanwaelte.at\/buergerservice\/infocorner\/gesetzestexte\/\" target=\"_blank\" rel=\"noopener\">here.<\/a><\/p>\n<p>Approved for all courts in Austria and the European Court of Justice\u00a0in\u00a0all\u00a0legal\u00a0matters\u00a0(civil,\u00a0criminal\u00a0and\u00a0administrative\u00a0law).<\/p>\n<p>Office hours: Tu-Fr 9 am-1 pm and by arrangement.<br \/>\nOwn parking spaces for clients.<\/p>\n<p><a href=\"\/en\/rat-tat\/\">Advice &amp; Assistance\/contact form<\/a><\/p>\n<p><span class=\"style_4\">Site plan<\/span><\/p>\n<div id=\"wpgmza_map\" class=\"wpgmza_map\" data-settings='{\"id\":\"1\",\"map_title\":\"Lageplan\",\"map_width\":\"100\",\"map_height\":\"400\",\"map_start_lat\":\"47.293172\",\"map_start_lng\":\"11.590034\",\"map_start_location\":\"47.29317194999999,11.5900342526568\",\"map_start_zoom\":\"15\",\"default_marker\":\"0\",\"type\":\"4\",\"alignment\":\"1\",\"directions_enabled\":\"1\",\"styling_enabled\":\"0\",\"styling_json\":\"\",\"active\":\"0\",\"kml\":\"\",\"bicycle\":\"0\",\"traffic\":\"0\",\"dbox\":\"1\",\"dbox_width\":\"250\",\"listmarkers\":\"0\",\"listmarkers_advanced\":\"0\",\"filterbycat\":\"0\",\"ugm_enabled\":\"0\",\"ugm_category_enabled\":\"0\",\"fusion\":\"\",\"map_width_type\":\"\\\\%\",\"map_height_type\":\"px\",\"mass_marker_support\":\"1\",\"ugm_access\":\"0\",\"order_markers_by\":\"1\",\"order_markers_choice\":\"2\",\"show_user_location\":\"0\",\"default_to\":\"\",\"other_settings\":{\"store_locator_enabled\":2,\"store_locator_distance\":2,\"store_locator_default_radius\":10,\"store_locator_not_found_message\":\"No results found in this location. Please try again.\",\"store_locator_bounce\":2,\"store_locator_query_string\":\"ZIP \\\/ Address:\",\"store_locator_default_address\":\"\",\"wpgmza_store_locator_restrict\":\"\",\"store_locator_style\":\"legacy\",\"wpgmza_store_locator_radius_style\":\"legacy\",\"map_max_zoom\":\"1\",\"transport_layer\":0,\"wpgmza_show_points_of_interest\":0,\"wpgmza_auto_night\":0}}' data-map-id='1' Data-maps-engine='open-layers' data-shortcode-attributes='{\"id\":\"1\"}' style=\"display:block; overflow:auto; width:100%; height:400px; float:left;\"><\/div>\n<h6><span style=\"color: #ffffff;\">.\u00a0<\/span><\/h6>\n<p>Business purpose is the activity of a law firm.<\/p>\n<p>The website is\u00a0directed to clients and other persons interested in legal matters, and aimed at presenting the law office\u00a0and giving information on legal news and offers.<\/p>\n<p>The website and the information provided have been carefully elaborated for general information purposes. However, they are not intended or able to serve as a source of legal advice. There is no liability that the provided information is correct, up-to-date or accurate as well as for any links to external websites operated by third parties.<\/p>\n<h6><img loading=\"lazy\" decoding=\"async\" class=\"alignnone wp-image-246\" style=\"font-size: 16px; line-height: 1.5;\" src=\"\/wp-content\/uploads\/2016\/03\/OeRAK-Logo-2-300x84.png\" alt=\"Wir sprechen f\u00fcr Ihr Recht. Die \u00f6stereichischen Rechtsanw\u00e4lte.\" width=\"214\" height=\"60\" srcset=\"https:\/\/www.mahdi.at\/wp-content\/uploads\/2016\/03\/OeRAK-Logo-2-300x84.png 300w, https:\/\/www.mahdi.at\/wp-content\/uploads\/2016\/03\/OeRAK-Logo-2.png 359w\" sizes=\"(max-width: 214px) 100vw, 214px\" \/><\/h6>\n","protected":false},"excerpt":{"rendered":"<p>Dr. Nader Karl\u00a0MAHDI Bahnhofstra\u00dfe 21, A-6112 Wattens Phone\u00a0+43 5224 51700, Fax +43 5224 51700-15 Email\u00a0office@mahdi.at VAT-No ATU43594605 Member of the Tyrolese Bar Association. Member of the Association of trust of the Tyrolese Bar Association. Please find the professional code of conduct of Austrian attorneys\u00a0here. Approved for all courts in Austria and the European Court of [&hellip;]<\/p>\n","protected":false},"author":1,"featured_media":0,"parent":0,"menu_order":0,"comment_status":"closed","ping_status":"closed","template":"","meta":{"footnotes":""},"translation":{"provider":"WPGlobus","version":"2.12.2","language":"en","enabled_languages":["de","en"],"languages":{"de":{"title":true,"content":true,"excerpt":false},"en":{"title":true,"content":true,"excerpt":false}}},"aioseo_notices":[],"_links":{"self":[{"href":"https:\/\/www.mahdi.at\/en\/wp-json\/wp\/v2\/pages\/72"}],"collection":[{"href":"https:\/\/www.mahdi.at\/en\/wp-json\/wp\/v2\/pages"}],"about":[{"href":"https:\/\/www.mahdi.at\/en\/wp-json\/wp\/v2\/types\/page"}],"author":[{"embeddable":true,"href":"https:\/\/www.mahdi.at\/en\/wp-json\/wp\/v2\/users\/1"}],"replies":[{"embeddable":true,"href":"https:\/\/www.mahdi.at\/en\/wp-json\/wp\/v2\/comments?post=72"}],"version-history":[{"count":123,"href":"https:\/\/www.mahdi.at\/en\/wp-json\/wp\/v2\/pages\/72\/revisions"}],"predecessor-version":[{"id":1176,"href":"https:\/\/www.mahdi.at\/en\/wp-json\/wp\/v2\/pages\/72\/revisions\/1176"}],"wp:attachment":[{"href":"https:\/\/www.mahdi.at\/en\/wp-json\/wp\/v2\/media?parent=72"}],"curies":[{"name":"wp","href":"https:\/\/api.w.org\/{rel}","templated":true}]}}